{"id":129,"date":"2022-04-03T10:54:12","date_gmt":"2022-04-03T09:54:12","guid":{"rendered":"http:\/\/kreidlergarage.de\/?page_id=129"},"modified":"2022-04-06T19:28:07","modified_gmt":"2022-04-06T18:28:07","slug":"ueber-uns","status":"publish","type":"page","link":"https:\/\/kreidlergarage.de\/?page_id=129","title":{"rendered":"\u00dcber uns"},"content":{"rendered":"\n<div class=\"wp-block-media-text alignwide is-stacked-on-mobile\"><figure class=\"wp-block-media-text__media\"><img loading=\"lazy\" decoding=\"async\" width=\"1024\" height=\"902\" src=\"https:\/\/kreidlergarage.de\/wp-content\/uploads\/2022\/04\/P4030399-scaled-e1649269452731-1024x902.jpg\" alt=\"\" class=\"wp-image-145 size-full\" srcset=\"https:\/\/kreidlergarage.de\/wp-content\/uploads\/2022\/04\/P4030399-scaled-e1649269452731-1024x902.jpg 1024w, https:\/\/kreidlergarage.de\/wp-content\/uploads\/2022\/04\/P4030399-scaled-e1649269452731-300x264.jpg 300w, https:\/\/kreidlergarage.de\/wp-content\/uploads\/2022\/04\/P4030399-scaled-e1649269452731-768x677.jpg 768w, https:\/\/kreidlergarage.de\/wp-content\/uploads\/2022\/04\/P4030399-scaled-e1649269452731-1536x1353.jpg 1536w, https:\/\/kreidlergarage.de\/wp-content\/uploads\/2022\/04\/P4030399-scaled-e1649269452731.jpg 1939w\" sizes=\"auto, (max-width: 1024px) 100vw, 1024px\" \/><\/figure><div class=\"wp-block-media-text__content\">\n<h3 class=\"wp-block-heading\"><strong>Das Team der Kreidler-Garage<\/strong><\/h3>\n\n\n\n<p>Wir sind Andreas und Marco, zwei begeisterte Kreidler-Fans aus Hoffeld, das im Herzen der sch\u00f6nen Eifel liegt. Nicht weit von der legend\u00e4ren Nordschleife gelegen, haben auch wir Benzin im Blut. Um genauer zu sein in der Mischung 1:25.<\/p>\n\n\n\n<p>Schon in unserer Jugend entdeckten wir die Leidenschaft zu Kreidler Mopeds, die damals zwei f\u00fcnfzehnj\u00e4hrigen Halbstarken zu den coolsten Kerlen des Dorfes machten. Nach der Sturm und Drang Phase wurde es einige Zeit still um die heimliche Liebe, die in einer Ecke der Scheune in ihrem Dornr\u00f6schenschlaf verharrte.<\/p>\n\n\n\n<h3 class=\"wp-block-heading\"><strong>Die Geburtsstunde der Muttbud<\/strong><\/h3>\n\n\n\n<p>Aus einer Bierlaune heraus beschlossen wir 2010 unsere alten Sch\u00e4tze wieder auf Vordermann zu bringen. Wir waren sofort Feuer und Flamme und trafen uns fortan fast jeden Abend, um unseren Mopeds neues Leben einzuhauchen. Das Ergebnis unserer M\u00fchen machte schnell die Runde im Dorf und wir bekamen schon bald die ersten Anfragen von Freunden, ob wir uns nicht auch um ihre alte Florett k\u00fcmmern k\u00f6nnten. Seit dem konnten wir in unserer kleinen Werkstatt, der \u201eMuttbud\u201c, viele hundert Fahrzeuge aus dem In- und Ausland restaurieren. Die Muttbud, was frei \u00dcbersetzt aus dem Dialekt so viel wie \u201eeine etwas in die Jahre gekommene R\u00e4umlichkeit, die viele Utensilien aus verschiedenen Epochen beherbergt, mit der Empfehlung nicht vom Boden zu essen\u201c bedeutet, ist dabei der zentrale Dreh und Angelpunkt, um den Oldtimern neues Leben einzuhauchen.<\/p>\n\n\n\n<h3 class=\"wp-block-heading\"><strong>Werde Teil der Kreidler Familie!<\/strong><\/h3>\n\n\n\n<p>Du besitzt selber eine Kreidler, die einer Instandsetzung bedarf oder warst einmal Besitzer eines solchen Fahrzeugs, auf das du voller Nostalgie zur\u00fcckblickst? Melde dich unverbindlich bei uns, denn wir wissen, dass alte Liebe sehr wohl Rosten kann. Mit unserer langj\u00e4hrigen Profi-Erfahrung k\u00f6nnen wir diese alte Liebe vom Rost der Zeit befreien und in einen neuwertigen, originalen Zustand versetzen. Auch f\u00fcr Neuank\u00f6mmlinge, die dem Charme einer Kreidler erlegen sind, ist es nie zu sp\u00e4t zu einem Teil der Kreidler Familie zu werden.<\/p>\n\n\n\n<p>Wir haben es geschafft aus unserem Jugendhobby einen professionellen Beruf zu machen und sind stolz \u00fcber jede Kreidler, die wir restaurieren d\u00fcrfen.<\/p>\n<\/div><\/div>\n\n\n\n<figure class=\"wp-block-image size-large is-style-default\"><img loading=\"lazy\" decoding=\"async\" width=\"1024\" height=\"683\" src=\"https:\/\/kreidlergarage.de\/wp-content\/uploads\/2022\/04\/P4030394-1024x683.jpg\" alt=\"\" class=\"wp-image-147\" srcset=\"https:\/\/kreidlergarage.de\/wp-content\/uploads\/2022\/04\/P4030394-1024x683.jpg 1024w, https:\/\/kreidlergarage.de\/wp-content\/uploads\/2022\/04\/P4030394-300x200.jpg 300w, https:\/\/kreidlergarage.de\/wp-content\/uploads\/2022\/04\/P4030394-768x512.jpg 768w, https:\/\/kreidlergarage.de\/wp-content\/uploads\/2022\/04\/P4030394-1536x1024.jpg 1536w, https:\/\/kreidlergarage.de\/wp-content\/uploads\/2022\/04\/P4030394-2048x1365.jpg 2048w\" sizes=\"auto, (max-width: 1024px) 100vw, 1024px\" \/><\/figure>\n","protected":false},"excerpt":{"rendered":"<p>Das Team der Kreidler-Garage Wir sind Andreas und Marco, zwei begeisterte Kreidler-Fans aus Hoffeld, das im Herzen der sch\u00f6nen Eifel liegt. Nicht weit von der legend\u00e4ren Nordschleife gelegen, haben auch wir Benzin im Blut. Um genauer zu sein in der Mischung 1:25. Schon in unserer Jugend entdeckten wir die Leidenschaft zu Kreidler Mopeds, die damals &hellip; <a href=\"https:\/\/kreidlergarage.de\/?page_id=129\" class=\"more-link\"><span class=\"screen-reader-text\">\u00dcber uns<\/span> weiterlesen <span class=\"meta-nav\">&rarr;<\/span><\/a><\/p>\n","protected":false},"author":1,"featured_media":0,"parent":0,"menu_order":0,"comment_status":"closed","ping_status":"closed","template":"","meta":{"footnotes":""},"class_list":["post-129","page","type-page","status-publish","hentry"],"_links":{"self":[{"href":"https:\/\/kreidlergarage.de\/index.php?rest_route=\/wp\/v2\/pages\/129","targetHints":{"allow":["GET"]}}],"collection":[{"href":"https:\/\/kreidlergarage.de\/index.php?rest_route=\/wp\/v2\/pages"}],"about":[{"href":"https:\/\/kreidlergarage.de\/index.php?rest_route=\/wp\/v2\/types\/page"}],"author":[{"embeddable":true,"href":"https:\/\/kreidlergarage.de\/index.php?rest_route=\/wp\/v2\/users\/1"}],"replies":[{"embeddable":true,"href":"https:\/\/kreidlergarage.de\/index.php?rest_route=%2Fwp%2Fv2%2Fcomments&post=129"}],"version-history":[{"count":2,"href":"https:\/\/kreidlergarage.de\/index.php?rest_route=\/wp\/v2\/pages\/129\/revisions"}],"predecessor-version":[{"id":148,"href":"https:\/\/kreidlergarage.de\/index.php?rest_route=\/wp\/v2\/pages\/129\/revisions\/148"}],"wp:attachment":[{"href":"https:\/\/kreidlergarage.de\/index.php?rest_route=%2Fwp%2Fv2%2Fmedia&parent=129"}],"curies":[{"name":"wp","href":"https:\/\/api.w.org\/{rel}","templated":true}]}}